{"id":768,"date":"2024-01-26T12:55:57","date_gmt":"2024-01-26T12:55:57","guid":{"rendered":"https:\/\/test.indiazur.org\/?page_id=768"},"modified":"2026-02-15T09:26:26","modified_gmt":"2026-02-15T09:26:26","slug":"projet-unesco","status":"publish","type":"page","link":"https:\/\/indiazur.org\/fr\/projet-unesco\/","title":{"rendered":"Projet UNESCO"},"content":{"rendered":"<div class=\"gb-container gb-container-1b5c799b gradient alignfull\">\n<div class=\"gb-container gb-container-3508d181\">\n<div class=\"gb-grid-wrapper gb-grid-wrapper-9b8ac1b1 fmex-mobile-reverse\">\n<div class=\"gb-grid-column gb-grid-column-6bf1513d\"><div class=\"gb-container gb-container-6bf1513d\">\n<div class=\"gb-container gb-container-1aba9c0b\">\n\n<h1 class=\"wp-block-heading\"><mark style=\"background-color:var(--title)\" class=\"has-inline-color has-background-color-color\">&nbsp;UNESCO&nbsp;<\/mark><br>Concours international de la Jeunesse au service de la Paix - 2024\/2025<\/h1>\n\n<\/div>\n<\/div><\/div>\n\n<div class=\"gb-grid-column gb-grid-column-de3d563a\"><div class=\"gb-container gb-container-de3d563a\">\n<div class=\"gb-container gb-container-58f1a5e9\">\n\n<figure class=\"gb-block-image gb-block-image-bdcbaeeb\"><img decoding=\"async\" width=\"600\" height=\"600\" class=\"gb-image gb-image-bdcbaeeb normal-shadow hide-on-mobile\" src=\"https:\/\/indiazur.org\/wp-content\/uploads\/2024\/12\/2.jpg\" alt=\"\" title=\"2\" srcset=\"https:\/\/indiazur.org\/wp-content\/uploads\/2024\/12\/2.jpg 600w, https:\/\/indiazur.org\/wp-content\/uploads\/2024\/12\/2-300x300.jpg 300w, https:\/\/indiazur.org\/wp-content\/uploads\/2024\/12\/2-150x150.jpg 150w, https:\/\/indiazur.org\/wp-content\/uploads\/2024\/12\/2-12x12.jpg 12w\" sizes=\"(max-width: 600px) 100vw, 600px\" \/><\/figure>\n\n<\/div>\n<\/div><\/div>\n<\/div>\n<\/div>\n<\/div>\n\n<div class=\"gb-container gb-container-4933881a greenly-mobile alignfull\" id=\"leconcours\">\n<div class=\"gb-container gb-container-0da6f197 alignfull\">\n<div class=\"gb-container gb-container-577b7a47\">\n\n<h2 class=\"wp-block-heading has-text-align-center has-white-color has-text-color has-link-color wp-elements-55dfa3713826ad38265f8aed3cc9b83a\">Le concours en quelques mots...<\/h2>\n\n\n\n<p class=\"has-text-align-center has-white-color has-text-color has-link-color wp-elements-c5d5142a6abd983fff398742c462f964\"><br>Le concours international de la Jeunesse au service de la Paix est une initiative port\u00e9e par l\u2019UNESCO et France T\u00e9l\u00e9visions. Il vise \u00e0 mobiliser les jeunes du monde entier autour de la paix et des grands d\u00e9fis contemporains, en leur offrant une plateforme pour exprimer leur vision cr\u00e9ative du monde.<\/p>\n\n<\/div>\n<\/div>\n\n<div class=\"gb-container gb-container-82d525b1\">\n<div class=\"gb-grid-wrapper gb-grid-wrapper-4aa42cd2\">\n<div class=\"gb-grid-column gb-grid-column-7cc8898e\"><div class=\"gb-container gb-container-7cc8898e normal-shadow\">\n\n<h3 class=\"wp-block-heading has-text-align-center has-title-color has-text-color has-link-color wp-elements-efd1365ed458b6066e1b3b338ae4e79d\">Les pays pr\u00e9sents<\/h3>\n\n\n\n<p class=\"has-text-align-center no-margin\">En 2024, des \u00e9tablissements scolaires de plusieurs pays ont particip\u00e9 \u00e0 ce concours : la Belgique, la France, l\u2019Inde, le Japon, le Liban, la Pologne, la R\u00e9publique de Maurice et l\u2019Ukraine.<\/p>\n\n<\/div><\/div>\n\n<div class=\"gb-grid-column gb-grid-column-cd3336cf\"><div class=\"gb-container gb-container-cd3336cf normal-shadow\">\n\n<h3 class=\"wp-block-heading has-text-align-center\">L'objectif<\/h3>\n\n\n\n<p class=\"has-text-align-center no-margin\">Ce concours a pour objectif d\u2019\u00e9duquer et d\u2019impliquer les jeunes aux enjeux mondiaux, afin de favoriser la paix gr\u00e2ce \u00e0 des projets cr\u00e9atifs. Il permet aux jeunes de prendre part \u00e0 un dialogue interculturel tout en utilisant des formes d\u2019expression artistiques diverses.<\/p>\n\n<\/div><\/div>\n\n<div class=\"gb-grid-column gb-grid-column-9e0e26aa\"><div class=\"gb-container gb-container-9e0e26aa normal-shadow\">\n\n<h3 class=\"wp-block-heading has-text-align-center\">Les participants<\/h3>\n\n\n\n<p class=\"has-text-align-center no-margin\">Les participants du concours sont des \u00e9tablissements scolaires ou des classes associ\u00e9es \u00e0 l\u2019UNESCO, qui partagent des valeurs communes de paix, de solidarit\u00e9 et de cr\u00e9ativit\u00e9. Les jeunes ont \u00e9t\u00e9 invit\u00e9s \u00e0 exprimer leur vision de la paix \u00e0 travers diff\u00e9rents moyens artistiques.<\/p>\n\n<\/div><\/div>\n<\/div>\n<\/div>\n<\/div>\n\n<div class=\"gb-container gb-container-1d5f6925 alignfull\">\n<div class=\"gb-container gb-container-49dfd51b\">\n\n<p class=\"has-text-color has-link-color wp-elements-0b4f27bd5ef17662173035ed0621b889\"><strong>En 2024, Indi'Azur a \u00e9t\u00e9 honor\u00e9e de contribuer \u00e0 ce concours international pour la deuxi\u00e8me ann\u00e9e en cr\u00e9ant le troph\u00e9e parfum\u00e9 qui r\u00e9compense les laur\u00e9ats.<\/strong><\/p>\n\n\n\n<p>Le troph\u00e9e, imagin\u00e9 et fabriqu\u00e9 par Indi'Azur, repr\u00e9sente un symbole de paix, d\u2019unit\u00e9 et de solidarit\u00e9, parfaitement en phase avec les valeurs du concours.<\/p>\n\n\n\n<p class=\"has-text-color has-link-color wp-elements-1fd4e6dee17c6a746fb09d0b3ec37861\">Les classes d\u2019\u00e9tudiants, sous la responsabilit\u00e9 de leurs professeurs, doivent repr\u00e9senter la paix sous une des 5 formes artistiques suivantes : le dessin, le chant, la cuisine, la bande dessin\u00e9e et le cin\u00e9ma.<\/p>\n\n\n\n<p>Les diff\u00e9rents troph\u00e9es parfum\u00e9s remis aux classes gagnantes sont : <\/p>\n\n\n\n<ul class=\"wp-block-list\">\n<li>\"Dessiner la paix \u2013 la colombe inattendue\"<\/li>\n\n\n\n<li>\"Artisan de paix en bande dessin\u00e9e\"<\/li>\n\n\n\n<li>\"Filmer la paix \u2013 le Courage\"<\/li>\n\n\n\n<li>\"Chanter la paix \u2013 le Cri\"<\/li>\n\n\n\n<li>\"Chanter la paix \u2013 la Chorale\"<\/li>\n\n\n\n<li>\"Cuisiner la paix \u2013 Esp\u00e9rer\"<\/li>\n\n\n\n<li>\"Mention Sp\u00e9ciale France TV - UNESCO\"<\/li>\n\n\n\n<li>\"France Jeunesse Cr\u00e9ative pour la paix\"<\/li>\n\n\n\n<li>Les Prix Parfum\u00e9s : \"Mon Quotidien d\u2019Actu\" et \"Marina Picasso\"<\/li>\n<\/ul>\n\n\n\n<p>La participation d\u2019Indi'Azur \u00e0 ce concours en 2024 illustre notre engagement \u00e0 soutenir des initiatives qui promeuvent la paix et l\u2019unit\u00e9 mondiale. Nous sommes fiers d\u2019avoir cr\u00e9\u00e9 un troph\u00e9e qui incarne ces valeurs et permet aux jeunes talents de rayonner.<\/p>\n\n\n<div class=\"gb-container gb-container-7a3fb02c\">\n\n<a class=\"gb-button gb-button-da4a79c5 gb-button-text normal-shadow\" href=\"https:\/\/indiazur.org\/wp-content\/uploads\/2024\/12\/FLYER-CONCOURS-PAIX-UNESCO-FRANCE-TV.pdf\" target=\"_blank\" rel=\"noopener noreferrer\">T\u00e9l\u00e9charger le flyer 2024<\/a>\n\n<\/div>\n<\/div>\n<\/div>\n\n<div class=\"gb-container gb-container-f0c9567c global-shadow alignfull\">\n<div class=\"gb-container gb-container-5643beed\">\n\n<figure class=\"wp-block-gallery has-nested-images columns-2 is-cropped wp-block-gallery-1 is-layout-flex wp-block-gallery-is-layout-flex\">\n<figure class=\"wp-block-image size-full\"><img decoding=\"async\" width=\"600\" height=\"600\" data-id=\"1215\" src=\"https:\/\/indiazur.org\/wp-content\/uploads\/2024\/12\/1.jpg\" alt=\"\" class=\"wp-image-1215\" srcset=\"https:\/\/indiazur.org\/wp-content\/uploads\/2024\/12\/1.jpg 600w, https:\/\/indiazur.org\/wp-content\/uploads\/2024\/12\/1-300x300.jpg 300w, https:\/\/indiazur.org\/wp-content\/uploads\/2024\/12\/1-150x150.jpg 150w, https:\/\/indiazur.org\/wp-content\/uploads\/2024\/12\/1-12x12.jpg 12w\" sizes=\"(max-width: 600px) 100vw, 600px\" \/><\/figure>\n\n\n\n<figure class=\"wp-block-image size-full\"><img decoding=\"async\" width=\"600\" height=\"600\" data-id=\"1217\" src=\"https:\/\/indiazur.org\/wp-content\/uploads\/2024\/12\/3.jpg\" alt=\"\" class=\"wp-image-1217\" srcset=\"https:\/\/indiazur.org\/wp-content\/uploads\/2024\/12\/3.jpg 600w, https:\/\/indiazur.org\/wp-content\/uploads\/2024\/12\/3-300x300.jpg 300w, https:\/\/indiazur.org\/wp-content\/uploads\/2024\/12\/3-150x150.jpg 150w, https:\/\/indiazur.org\/wp-content\/uploads\/2024\/12\/3-12x12.jpg 12w\" sizes=\"(max-width: 600px) 100vw, 600px\" \/><\/figure>\n\n\n\n<figure class=\"wp-block-image size-full\"><img decoding=\"async\" width=\"600\" height=\"600\" data-id=\"1218\" src=\"https:\/\/indiazur.org\/wp-content\/uploads\/2024\/12\/4.jpg\" alt=\"\" class=\"wp-image-1218\" srcset=\"https:\/\/indiazur.org\/wp-content\/uploads\/2024\/12\/4.jpg 600w, https:\/\/indiazur.org\/wp-content\/uploads\/2024\/12\/4-300x300.jpg 300w, https:\/\/indiazur.org\/wp-content\/uploads\/2024\/12\/4-150x150.jpg 150w, https:\/\/indiazur.org\/wp-content\/uploads\/2024\/12\/4-12x12.jpg 12w\" sizes=\"(max-width: 600px) 100vw, 600px\" \/><\/figure>\n\n\n\n<figure class=\"wp-block-image size-full\"><img decoding=\"async\" width=\"600\" height=\"600\" data-id=\"1219\" src=\"https:\/\/indiazur.org\/wp-content\/uploads\/2024\/12\/5.jpg\" alt=\"\" class=\"wp-image-1219\" srcset=\"https:\/\/indiazur.org\/wp-content\/uploads\/2024\/12\/5.jpg 600w, https:\/\/indiazur.org\/wp-content\/uploads\/2024\/12\/5-300x300.jpg 300w, https:\/\/indiazur.org\/wp-content\/uploads\/2024\/12\/5-150x150.jpg 150w, https:\/\/indiazur.org\/wp-content\/uploads\/2024\/12\/5-12x12.jpg 12w\" sizes=\"(max-width: 600px) 100vw, 600px\" \/><\/figure>\n<\/figure>\n\n<\/div>\n<\/div>\n\n<div class=\"gb-container gb-container-13e1f82d alignfull\">\n<div class=\"gb-container gb-container-3702ebce\">\n<div class=\"gb-container gb-container-ab876b0a\">\n\n<h2 class=\"wp-block-heading has-title-color has-text-color has-link-color wp-elements-98eef7eee189228b40a30dc67a681439\">Nos interventions pass\u00e9es<\/h2>\n\n\n<div class=\"gb-container gb-container-4e41c70d\">\n<div class=\"gb-container gb-container-248c639e gb-tabs\" role=\"tablist\" data-opened-tab=\"1\">\n<div class=\"gb-container gb-container-6421b0aa gb-tabs__buttons\" role=\"list\">\n\n<button class=\"gb-button gb-button-963ea337 gb-button-text gb-tabs__button gb-block-is-current\" id=\"gb-tab-button-963ea337\" role=\"tab\"><strong>Ann\u00e9e 2023\/2024<\/strong><\/button>\n\n<\/div>\n\n<div class=\"gb-container gb-container-1bb3ea93 gb-tabs__items\">\n<div class=\"gb-container gb-container-d3463cb0 gb-tabs__item gb-tabs__item-open\" id=\"gb-tab-item-d3463cb0\" role=\"tabpanel\">\n\n<p>En octobre 2023, Indi'Azur a \u00e9t\u00e9 contact\u00e9e par l\u2019UNESCO pour concevoir un troph\u00e9e destin\u00e9 \u00e0 r\u00e9compenser les laur\u00e9ats du Concours international de la Jeunesse au service de la Paix. Ce concours a r\u00e9uni des participants de divers pays, dont la Belgique, la France, l\u2019Inde, le Japon, le Liban, la Pologne, la R\u00e9publique de Maurice et l\u2019Ukraine.<\/p>\n\n\n\n<p>L\u2019objectif de ce concours \u00e9tait de sensibiliser les jeunes aux grands d\u00e9fis mondiaux et de les encourager \u00e0 utiliser leur cr\u00e9ativit\u00e9 pour promouvoir la paix. Les participants, r\u00e9partis en trois cat\u00e9gories d\u2019\u00e2ge, ont exprim\u00e9 leurs talents \u00e0 travers des chants, des photographies et des vid\u00e9os, repr\u00e9sentant la paix de diverses mani\u00e8res.<\/p>\n\n\n\n<p>Le troph\u00e9e parfum\u00e9 imagin\u00e9 par Indi'Azur a \u00e9t\u00e9 remis aux gagnants lors de la c\u00e9r\u00e9monie de remise des prix, le 8 novembre 2023, au si\u00e8ge de l\u2019UNESCO \u00e0 Paris. Les prix ont \u00e9t\u00e9 d\u00e9cern\u00e9s par des ministres et repr\u00e9sentants des pays participants.<\/p>\n\n\n\n<figure class=\"wp-block-gallery has-nested-images columns-default is-cropped wp-block-gallery-2 is-layout-flex wp-block-gallery-is-layout-flex\">\n<figure class=\"wp-block-image size-large\"><img decoding=\"async\" width=\"469\" height=\"212\" data-id=\"828\" src=\"https:\/\/indiazur.org\/wp-content\/uploads\/2024\/01\/image-4-e1706276358711.png\" alt=\"\" class=\"wp-image-828\" srcset=\"https:\/\/indiazur.org\/wp-content\/uploads\/2024\/01\/image-4-e1706276358711.png 469w, https:\/\/indiazur.org\/wp-content\/uploads\/2024\/01\/image-4-e1706276358711-300x136.png 300w, https:\/\/indiazur.org\/wp-content\/uploads\/2024\/01\/image-4-e1706276358711-18x8.png 18w\" sizes=\"(max-width: 469px) 100vw, 469px\" \/><\/figure>\n\n\n\n<figure class=\"wp-block-image size-large\"><img decoding=\"async\" width=\"363\" height=\"484\" data-id=\"808\" src=\"https:\/\/indiazur.org\/wp-content\/uploads\/2024\/01\/image-3.png\" alt=\"\" class=\"wp-image-808\" srcset=\"https:\/\/indiazur.org\/wp-content\/uploads\/2024\/01\/image-3.png 363w, https:\/\/indiazur.org\/wp-content\/uploads\/2024\/01\/image-3-225x300.png 225w, https:\/\/indiazur.org\/wp-content\/uploads\/2024\/01\/image-3-9x12.png 9w\" sizes=\"(max-width: 363px) 100vw, 363px\" \/><\/figure>\n\n\n\n<figure class=\"wp-block-image size-large\"><img decoding=\"async\" width=\"577\" height=\"385\" data-id=\"321\" src=\"https:\/\/indiazur.org\/wp-content\/uploads\/2024\/01\/image-1-e1706118183972.png\" alt=\"\" class=\"wp-image-321\" srcset=\"https:\/\/indiazur.org\/wp-content\/uploads\/2024\/01\/image-1-e1706118183972.png 577w, https:\/\/indiazur.org\/wp-content\/uploads\/2024\/01\/image-1-e1706118183972-300x200.png 300w\" sizes=\"(max-width: 577px) 100vw, 577px\" \/><\/figure>\n<\/figure>\n\n<\/div>\n<\/div>\n<\/div>\n<\/div>\n<\/div>\n<\/div>\n<\/div>","protected":false},"excerpt":{"rendered":"<p>Le concours en quelques mots&#8230; Le concours international de la Jeunesse au service de la Paix est une initiative port\u00e9e par l\u2019UNESCO et France T\u00e9l\u00e9visions. Il vise \u00e0 mobiliser les jeunes du monde entier autour de la paix et des grands d\u00e9fis contemporains, en leur offrant une plateforme pour exprimer leur vision cr\u00e9ative du monde. &#8230; <a title=\"Projet UNESCO\" class=\"read-more\" href=\"https:\/\/indiazur.org\/fr\/projet-unesco\/\" aria-label=\"En savoir plus sur Projet UNESCO\">Lire la suite<\/a><\/p>\n","protected":false},"author":1,"featured_media":0,"parent":0,"menu_order":0,"comment_status":"closed","ping_status":"closed","template":"","meta":{"_seopress_robots_primary_cat":"","_seopress_titles_title":"Indi'Azur se met au service de la paix en association avec France T\u00e9l\u00e9visions et l'UNESCO","_seopress_titles_desc":"Indi'Azur \u00e0 cr\u00e9\u00e9 le troph\u00e9e remis aux laur\u00e9ats du \u00ab Concours international de la Jeunesse au service de la Paix co-organis\u00e9 par France T\u00e9l\u00e9visions et l'UNESCO \u00bb.","_seopress_robots_index":"","footnotes":""},"class_list":["post-768","page","type-page","status-publish"],"_links":{"self":[{"href":"https:\/\/indiazur.org\/fr\/wp-json\/wp\/v2\/pages\/768","targetHints":{"allow":["GET"]}}],"collection":[{"href":"https:\/\/indiazur.org\/fr\/wp-json\/wp\/v2\/pages"}],"about":[{"href":"https:\/\/indiazur.org\/fr\/wp-json\/wp\/v2\/types\/page"}],"author":[{"embeddable":true,"href":"https:\/\/indiazur.org\/fr\/wp-json\/wp\/v2\/users\/1"}],"replies":[{"embeddable":true,"href":"https:\/\/indiazur.org\/fr\/wp-json\/wp\/v2\/comments?post=768"}],"version-history":[{"count":0,"href":"https:\/\/indiazur.org\/fr\/wp-json\/wp\/v2\/pages\/768\/revisions"}],"wp:attachment":[{"href":"https:\/\/indiazur.org\/fr\/wp-json\/wp\/v2\/media?parent=768"}],"curies":[{"name":"wp","href":"https:\/\/api.w.org\/{rel}","templated":true}]}}