{"id":527,"date":"2024-01-25T13:15:45","date_gmt":"2024-01-25T13:15:45","guid":{"rendered":"https:\/\/test.indiazur.org\/?page_id=527"},"modified":"2024-10-31T00:42:00","modified_gmt":"2024-10-31T00:42:00","slug":"mentions-legales","status":"publish","type":"page","link":"https:\/\/indiazur.org\/fr\/mentions-legales\/","title":{"rendered":"Mentions l\u00e9gale"},"content":{"rendered":"<div class=\"gb-container gb-container-526f2b62 gradient alignfull\">\n<div class=\"gb-container gb-container-29cbbc16\">\n\n<h1 class=\"wp-block-heading has-text-align-center\">Les mentions l\u00e9gales<\/h1>\n\n\n\n<p class=\"has-text-align-center\">En vigueur au 25 janvier 2024<\/p>\n\n<\/div>\n<\/div>\n\n<div class=\"gb-container gb-container-15e16564 alignfull\">\n<div class=\"gb-container gb-container-e73a5ed6\">\n<div class=\"gb-container gb-container-61f70eb7\">\n\n<p>Conform\u00e9ment aux dispositions des Articles 6-III et 19 de la Loi n\u00b02004-575 du 21 juin 2004 pour la Confiance dans l'\u00e9conomie num\u00e9rique, dite L.C.E.N., il est port\u00e9 \u00e0 la connaissance des utilisateurs et visiteurs, ci-apr\u00e8s l'\u00ab Utilisateur \u00bb, du site <a href=\"\/\">indiazur.org<\/a>, ci-apr\u00e8s le \u00ab\u00a0Site\u00a0\u00bb, les pr\u00e9sentes mentions l\u00e9gales.<\/p>\n\n\n\n<p>La connexion et la navigation sur le Site par l'Utilisateur impliquent acceptation int\u00e9grale et sans r\u00e9serve des pr\u00e9sentes mentions l\u00e9gales.<\/p>\n\n\n\n<p>Ces derni\u00e8res sont accessibles sur le Site \u00e0 la rubrique \u00ab Mentions l\u00e9gales \u00bb.<\/p>\n\n<\/div>\n\n<div class=\"gb-container gb-container-37cfa2fa\">\n\n<h2 class=\"wp-block-heading\"><strong>Article 1 - L'\u00e9diteur<\/strong><\/h2>\n\n\n\n<p>L'\u00e9dition du Site est assur\u00e9e par Siagneo SASU au capital de 1000 euros, immatricul\u00e9e au Registre du Commerce et des Soci\u00e9t\u00e9s de Grasse sous le num\u00e9ro 910 136 845, dont le si\u00e8ge social est situ\u00e9 au 33 route des Grottes, 06530 SAINT C\u00c9ZAIRE SUR SIAGNE.<\/p>\n\n\n\n<p>Adresse e-mail : contact@siagneo.fr.<\/p>\n\n\n\n<p>Le Directeur de la publication est Camille BOINAUD, ci-apr\u00e8s l'\u00ab\u00a0Editeur\u00a0\u00bb.<\/p>\n\n<\/div>\n\n<div class=\"gb-container gb-container-78a4dfa6\">\n\n<h2 class=\"wp-block-heading\"><strong>Article 2 - L'h\u00e9bergeur<\/strong><\/h2>\n\n\n\n<p>L'h\u00e9bergeur du Site est la soci\u00e9t\u00e9 o2switch, dont le si\u00e8ge social est situ\u00e9 au 222-224 Boulevard Gustave Flaubert 63000 Clermont-Ferrand.<\/p>\n\n\n\n<p>Num\u00e9ro de t\u00e9l\u00e9phone : 04 44 44 60 40<br>Adresse e-mail : <a href=\"mailto:support@o2switch.fr\">support@o2switch.fr<\/a><\/p>\n\n<\/div>\n\n<div class=\"gb-container gb-container-2453bf44\">\n\n<h2 class=\"wp-block-heading\"><strong>Article 3 - Acc\u00e8s au site<\/strong><\/h2>\n\n\n\n<p>Le Site est accessible en tout endroit, 7j\/7, 24h\/24 sauf cas de force majeure, interruption programm\u00e9e ou non et pouvant d\u00e9coulant d'une n\u00e9cessit\u00e9 de maintenance.<\/p>\n\n\n\n<p>En cas de modification, interruption ou suspension du Site, l'Editeur ne saurait \u00eatre tenu responsable<\/p>\n\n<\/div>\n\n<div class=\"gb-container gb-container-e0a98159\">\n\n<h2 class=\"wp-block-heading\"><strong>Article 4 - Collecte des donn\u00e9es<\/strong><\/h2>\n\n\n\n<p>Le site est exempt\u00e9 de d\u00e9claration \u00e0 la Commission Nationale Informatique et Libert\u00e9s (CNIL) dans la mesure o\u00f9 il ne collecte aucune donn\u00e9e concernant les utilisateurs.<\/p>\n\n\n\n<p>Toute utilisation, reproduction, diffusion, commercialisation, modification de toute ou partie du Site, sans autorisation de l'Editeur est prohib\u00e9e et pourra entrainer des actions et poursuites judiciaires telles que notamment pr\u00e9vues par le Code de la propri\u00e9t\u00e9 intellectuelle et le Code civil.<\/p>\n\n<\/div>\n<\/div>\n<\/div>","protected":false},"excerpt":{"rendered":"<p>Les mentions l\u00e9gales En vigueur au 25 janvier 2024 Conform\u00e9ment aux dispositions des Articles 6-III et 19 de la Loi n\u00b02004-575 du 21 juin 2004 pour la Confiance dans l&rsquo;\u00e9conomie num\u00e9rique, dite L.C.E.N., il est port\u00e9 \u00e0 la connaissance des utilisateurs et visiteurs, ci-apr\u00e8s l&rsquo;\u00ab Utilisateur \u00bb, du site indiazur.org, ci-apr\u00e8s le \u00ab\u00a0Site\u00a0\u00bb, les pr\u00e9sentes &#8230; <a title=\"Mentions l\u00e9gale\" class=\"read-more\" href=\"https:\/\/indiazur.org\/fr\/mentions-legales\/\" aria-label=\"En savoir plus sur Mentions l\u00e9gale\">Lire la suite<\/a><\/p>\n","protected":false},"author":1,"featured_media":0,"parent":0,"menu_order":0,"comment_status":"closed","ping_status":"closed","template":"","meta":{"_seopress_robots_primary_cat":"","_seopress_titles_title":"","_seopress_titles_desc":"","_seopress_robots_index":"","footnotes":""},"class_list":["post-527","page","type-page","status-publish"],"_links":{"self":[{"href":"https:\/\/indiazur.org\/fr\/wp-json\/wp\/v2\/pages\/527","targetHints":{"allow":["GET"]}}],"collection":[{"href":"https:\/\/indiazur.org\/fr\/wp-json\/wp\/v2\/pages"}],"about":[{"href":"https:\/\/indiazur.org\/fr\/wp-json\/wp\/v2\/types\/page"}],"author":[{"embeddable":true,"href":"https:\/\/indiazur.org\/fr\/wp-json\/wp\/v2\/users\/1"}],"replies":[{"embeddable":true,"href":"https:\/\/indiazur.org\/fr\/wp-json\/wp\/v2\/comments?post=527"}],"version-history":[{"count":0,"href":"https:\/\/indiazur.org\/fr\/wp-json\/wp\/v2\/pages\/527\/revisions"}],"wp:attachment":[{"href":"https:\/\/indiazur.org\/fr\/wp-json\/wp\/v2\/media?parent=527"}],"curies":[{"name":"wp","href":"https:\/\/api.w.org\/{rel}","templated":true}]}}