{"id":2,"date":"2024-01-23T09:52:54","date_gmt":"2024-01-23T09:52:54","guid":{"rendered":"https:\/\/test.indiazur.org\/?page_id=2"},"modified":"2026-02-15T09:18:26","modified_gmt":"2026-02-15T09:18:26","slug":"sample-page","status":"publish","type":"page","link":"https:\/\/indiazur.org\/en\/","title":{"rendered":"Accueil"},"content":{"rendered":"<div class=\"gb-container gb-container-526f2b62 gradient alignfull\">\n<div class=\"gb-container gb-container-29cbbc16\">\n<div class=\"gb-grid-wrapper gb-grid-wrapper-9b8ac1b1 fmex-mobile-reverse\">\n<div class=\"gb-grid-column gb-grid-column-6bf1513d\"><div class=\"gb-container gb-container-6bf1513d\">\n<div class=\"gb-container gb-container-1aba9c0b\">\n\n<h1 class=\"wp-block-heading\">French <mark style=\"background-color:var(--title)\" class=\"has-inline-color has-highlight-color\">&nbsp;<\/mark><mark style=\"background-color:var(--title)\" class=\"has-inline-color has-white-color\">knowledge<\/mark><mark style=\"background-color:var(--title)\" class=\"has-inline-color has-highlight-color\">&nbsp;<\/mark> at the service of <mark style=\"background-color:var(--title)\" class=\"has-inline-color has-highlight-color\">&nbsp;<\/mark><mark style=\"background-color:var(--title)\" class=\"has-inline-color has-white-color\">peace<\/mark><mark style=\"background-color:var(--title)\" class=\"has-inline-color has-highlight-color\">&nbsp;<\/mark> and <mark style=\"background-color:var(--title)\" class=\"has-inline-color has-highlight-color\">&nbsp;<\/mark><mark style=\"background-color:var(--title)\" class=\"has-inline-color has-white-color\">women's emancipation<\/mark><mark style=\"background-color:var(--title)\" class=\"has-inline-color has-highlight-color\">&nbsp;<\/mark><\/h1>\n\n<\/div>\n\n\n<a class=\"gb-button gb-button-0d5b1047 gb-button-text normal-shadow\" href=\"#dons\">Support us<\/a>\n\n<\/div><\/div>\n\n<div class=\"gb-grid-column gb-grid-column-de3d563a\"><div class=\"gb-container gb-container-de3d563a\">\n<div class=\"gb-container gb-container-58f1a5e9\">\n\n<figure class=\"gb-block-image gb-block-image-bdcbaeeb\"><img decoding=\"async\" width=\"872\" height=\"800\" class=\"gb-image gb-image-bdcbaeeb normal-shadow hide-on-mobile\" src=\"https:\/\/indiazur.org\/wp-content\/uploads\/2024\/01\/Design-sans-titre-1-e1706024116550.jpg\" alt=\"\" title=\"Empowering women in India, a priority for Indi Azur\" srcset=\"https:\/\/indiazur.org\/wp-content\/uploads\/2024\/01\/Design-sans-titre-1-e1706024116550.jpg 872w, https:\/\/indiazur.org\/wp-content\/uploads\/2024\/01\/Design-sans-titre-1-e1706024116550-300x275.jpg 300w, https:\/\/indiazur.org\/wp-content\/uploads\/2024\/01\/Design-sans-titre-1-e1706024116550-768x705.jpg 768w\" sizes=\"(max-width: 872px) 100vw, 872px\" \/><\/figure>\n\n\n\n<figure class=\"gb-block-image gb-block-image-5ed5f12b\"><img decoding=\"async\" width=\"1200\" height=\"800\" class=\"gb-image gb-image-5ed5f12b normal-shadow hide-on-tablet hide-on-desktop\" src=\"https:\/\/indiazur.org\/wp-content\/uploads\/2024\/01\/Design-sans-titre-1-1.jpg\" alt=\"\" title=\"Empowering women in India, a priority for Indi Azur\" srcset=\"https:\/\/indiazur.org\/wp-content\/uploads\/2024\/01\/Design-sans-titre-1-1.jpg 1200w, https:\/\/indiazur.org\/wp-content\/uploads\/2024\/01\/Design-sans-titre-1-1-300x200.jpg 300w, https:\/\/indiazur.org\/wp-content\/uploads\/2024\/01\/Design-sans-titre-1-1-1024x683.jpg 1024w, https:\/\/indiazur.org\/wp-content\/uploads\/2024\/01\/Design-sans-titre-1-1-768x512.jpg 768w\" sizes=\"(max-width: 1200px) 100vw, 1200px\" \/><\/figure>\n\n<\/div>\n<\/div><\/div>\n<\/div>\n<\/div>\n<\/div>\n\n<div class=\"gb-container gb-container-4933881a greenly-mobile alignfull\" id=\"indiazur\">\n<div class=\"gb-container gb-container-0da6f197 alignfull\">\n<div class=\"gb-container gb-container-4f104fc0\">\n\n<h2 class=\"wp-block-heading has-text-align-center text-shadow has-white-color has-text-color has-link-color wp-elements-72698816829032cdc09487902de4a865\">A few words about Indi'Azur<\/h2>\n\n<\/div>\n<\/div>\n\n<div class=\"gb-container gb-container-82d525b1\">\n<div class=\"gb-grid-wrapper gb-grid-wrapper-4aa42cd2\">\n<div class=\"gb-grid-column gb-grid-column-7cc8898e\"><div class=\"gb-container gb-container-7cc8898e normal-shadow\">\n\n<h3 class=\"wp-block-heading has-text-align-center has-title-color has-text-color has-link-color wp-elements-ac569b33a08fa084dc6049f96e12e141\">About us<\/h3>\n\n\n\n<p class=\"has-text-align-center no-margin\">Indi'Azur is an organisation based in Grasse (France), created by students, teachers and professionals committed to international solidarity and peace.<\/p>\n\n<\/div><\/div>\n\n<div class=\"gb-grid-column gb-grid-column-cd3336cf\"><div class=\"gb-container gb-container-cd3336cf normal-shadow\">\n\n<h3 class=\"wp-block-heading has-text-align-center\">Our aims<\/h3>\n\n\n\n<p class=\"has-text-align-center no-margin\">Bringing cultures together, promoting mutual aid through training and encouraging the emancipation of women from the poorest villages in India through work opportunities.<\/p>\n\n<\/div><\/div>\n\n<div class=\"gb-grid-column gb-grid-column-9e0e26aa\"><div class=\"gb-container gb-container-9e0e26aa normal-shadow\">\n\n<h3 class=\"wp-block-heading has-text-align-center\">What we do<\/h3>\n\n\n\n<p class=\"has-text-align-center no-margin\">We design simple perfumed products using local ingredients, so that women in India can make and sell them with the help of students from the organisation.<\/p>\n\n<\/div><\/div>\n<\/div>\n<\/div>\n<\/div>\n\n<div class=\"gb-container gb-container-3a429cb0 alignfull\" id=\"raindrop\">\n<div class=\"gb-container gb-container-8a4a9eb9\">\n<div class=\"gb-grid-wrapper gb-grid-wrapper-38de69b4\">\n<div class=\"gb-grid-column gb-grid-column-a1d58091\"><div class=\"gb-container gb-container-a1d58091\">\n\n<figure class=\"gb-block-image gb-block-image-b11e80c1\"><img decoding=\"async\" width=\"179\" height=\"300\" class=\"gb-image gb-image-b11e80c1\" src=\"https:\/\/indiazur.org\/wp-content\/uploads\/2024\/02\/1faba56d-43f2-4b2b-8241-9ef539ab34fd.png\" alt=\"\" title=\"Rain Drop and Indi&#039;Azur\" srcset=\"https:\/\/indiazur.org\/wp-content\/uploads\/2024\/02\/1faba56d-43f2-4b2b-8241-9ef539ab34fd.png 179w, https:\/\/indiazur.org\/wp-content\/uploads\/2024\/02\/1faba56d-43f2-4b2b-8241-9ef539ab34fd-7x12.png 7w\" sizes=\"(max-width: 179px) 100vw, 179px\" \/><\/figure>\n\n<\/div><\/div>\n\n<div class=\"gb-grid-column gb-grid-column-3f1b4ef1\"><div class=\"gb-container gb-container-3f1b4ef1\">\n\n<h2 class=\"wp-block-heading\">Indi'Azur and Rain Drop, <mark style=\"background-color:rgba(0, 0, 0, 0)\" class=\"has-inline-color has-greenly-color\">together in India<\/mark> for a sustainable impact.<\/h2>\n\n\n\n<p class=\"translation-block\">Our mission is to provide these women a sustainable source of income involves developing local cooperatives in collaboration with our local partner : <strong><a href=\"https:\/\/www.rain-drop.org\/en\/\" target=\"_blank\">Rain Drop<\/a><\/strong>.<\/p>\n\n\n\n<p class=\"no-margin\"><strong><a href=\"https:\/\/www.rain-drop.org\/en\/\" target=\"_blank\" rel=\"noreferrer noopener\">Rain Drop<\/a><\/strong> helps Indian villagers suffering from drought and poverty. Its aim is to improve living conditions through the sustainable management of natural resources (construction of wells and rainwater reservoirs). It also helps Indian women to organise themselves into cooperatives.<br><\/p>\n\n<\/div><\/div>\n<\/div>\n<\/div>\n<\/div>\n\n<div class=\"gb-container gb-container-0df69adb alignfull\" id=\"projets\">\n<div class=\"gb-container gb-container-7f91c239\">\n\n<h2 class=\"wp-block-heading has-text-align-center has-text-color has-link-color wp-elements-7d9ad8aaa4df69d2885eb4e05d883794\">The <mark style=\"background-color:rgba(0, 0, 0, 0)\" class=\"has-inline-color has-greenly-color\">projects<\/mark> we carry out<\/h2>\n\n\n<div class=\"gb-container gb-container-df935b16\">\n<div class=\"gb-grid-wrapper gb-grid-wrapper-fbc503b9 stretch\">\n<div class=\"gb-grid-column gb-grid-column-7037de77\"><div class=\"gb-container gb-container-7037de77 normal-shadow\">\n\n<figure class=\"gb-block-image gb-block-image-758b3015\"><img decoding=\"async\" width=\"577\" height=\"385\" class=\"gb-image gb-image-758b3015\" src=\"https:\/\/indiazur.org\/wp-content\/uploads\/2024\/12\/trophhy.jpg\" alt=\"\" title=\"trophhy\" srcset=\"https:\/\/indiazur.org\/wp-content\/uploads\/2024\/12\/trophhy.jpg 577w, https:\/\/indiazur.org\/wp-content\/uploads\/2024\/12\/trophhy-300x200.jpg 300w, https:\/\/indiazur.org\/wp-content\/uploads\/2024\/12\/trophhy-18x12.jpg 18w\" sizes=\"(max-width: 577px) 100vw, 577px\" \/><\/figure>\n\n\n<div class=\"gb-container gb-container-cb6c62ff\">\n<div class=\"gb-container gb-container-0da5ecec\">\n\n<h3 class=\"wp-block-heading\">UNESCO - International Youth for Peace Contest<\/h3>\n\n\n\n<p class=\"no-margin\">Pour la deuxi\u00e8me ann\u00e9e cons\u00e9cutive, Indi'Azur a cr\u00e9\u00e9 le troph\u00e9e offert en r\u00e9compense aux laur\u00e9ats du concours international de la jeunesse au service de la Paix. Ce concours est organis\u00e9 pour la 4\u00e8me&nbsp;ann\u00e9e par France T\u00e9l\u00e9visions en partenariat avec l'UNESCO.<\/p>\n\n<\/div>\n\n\n<a class=\"gb-button gb-button-da4a79c5 gb-button-text normal-shadow\" href=\"\/en\/projet-unesco\/\">More information<\/a>\n\n<\/div>\n<\/div><\/div>\n\n<div class=\"gb-grid-column gb-grid-column-80f229fc\"><div class=\"gb-container gb-container-80f229fc normal-shadow\">\n\n<figure class=\"gb-block-image gb-block-image-bf7417fc\"><img decoding=\"async\" width=\"774\" height=\"516\" class=\"gb-image gb-image-bf7417fc\" src=\"https:\/\/indiazur.org\/wp-content\/uploads\/2024\/01\/image-2-e1706118218580.png\" alt=\"\" title=\"A group of women presenting the soaps they have created\" srcset=\"https:\/\/indiazur.org\/wp-content\/uploads\/2024\/01\/image-2-e1706118218580.png 774w, https:\/\/indiazur.org\/wp-content\/uploads\/2024\/01\/image-2-e1706118218580-300x200.png 300w, https:\/\/indiazur.org\/wp-content\/uploads\/2024\/01\/image-2-e1706118218580-768x512.png 768w\" sizes=\"(max-width: 774px) 100vw, 774px\" \/><\/figure>\n\n\n<div class=\"gb-container gb-container-cdc60b25\">\n<div class=\"gb-container gb-container-43f4c53c\">\n\n<h3 class=\"wp-block-heading\">Gulabi project<\/h3>\n\n\n\n<p class=\"no-margin\">The Gulabi project is the first mission in partnership with <strong><a href=\"https:\/\/www.rain-drop.org\/en\/\" target=\"_blank\" rel=\"noreferrer noopener\">Rain Drop<\/a><\/strong>in India. We aim at empowering women in disadvantaged villages by creating perfumed products from local raw materials. We train these women and help them to set up local production structures for marketing in India and France. All profits are reinvested in this initiative.<\/p>\n\n<\/div>\n\n\n<a class=\"gb-button gb-button-81a86c38 gb-button-text normal-shadow\" href=\"\/en\/projet-gulabi\/\">More information<\/a>\n\n<\/div>\n<\/div><\/div>\n<\/div>\n<\/div>\n<\/div>\n<\/div>\n\n<div class=\"gb-container gb-container-8b0877bc alignfull\" id=\"partenaires\">\n<div class=\"gb-container gb-container-5ebfdebc\">\n\n<h2 class=\"wp-block-heading has-text-align-center\">They<mark style=\"background-color:rgba(0, 0, 0, 0)\" class=\"has-inline-color has-greenly-color\"> support us<\/mark> every day<\/h2>\n\n\n<div class=\"gb-container gb-container-6020bc26\">\n<div class=\"gb-grid-wrapper gb-grid-wrapper-909e1725\">\n<div class=\"gb-grid-column gb-grid-column-4887d322\"><div class=\"gb-container gb-container-4887d322\">\n\n<figure class=\"gb-block-image gb-block-image-5a45fc3f\"><a href=\"https:\/\/www.rain-drop.org\/en\/\" target=\"_blank\" rel=\"noopener noreferrer\"><img decoding=\"async\" width=\"140\" height=\"140\" class=\"gb-image gb-image-5a45fc3f\" src=\"https:\/\/indiazur.org\/wp-content\/uploads\/2024\/01\/Design-sans-titre-5.png\" alt=\"Rain Drop\" title=\"Rain Drop\"\/><\/a><\/figure>\n\n<\/div><\/div>\n\n<div class=\"gb-grid-column gb-grid-column-aced85e4\"><div class=\"gb-container gb-container-aced85e4\">\n\n<figure class=\"gb-block-image gb-block-image-60d92801\"><a href=\"https:\/\/www.ville-grasse.fr\/\" target=\"_blank\" rel=\"noopener noreferrer\"><img decoding=\"async\" width=\"140\" height=\"140\" class=\"gb-image gb-image-60d92801\" src=\"https:\/\/indiazur.org\/wp-content\/uploads\/2024\/01\/Design-sans-titre.png\" alt=\"Ville de Grasse\" title=\"Ville de Grasse\"\/><\/a><\/figure>\n\n<\/div><\/div>\n\n<div class=\"gb-grid-column gb-grid-column-8dea8f87\"><div class=\"gb-container gb-container-8dea8f87\">\n\n<figure class=\"gb-block-image gb-block-image-fd25ac0e\"><a href=\"https:\/\/www.savonneriedelafoux.fr\/\" target=\"_blank\" rel=\"noopener noreferrer\"><img decoding=\"async\" width=\"140\" height=\"140\" class=\"gb-image gb-image-fd25ac0e\" src=\"https:\/\/indiazur.org\/wp-content\/uploads\/2024\/01\/Design-sans-titre-1.png\" alt=\"Savonnerie de la Foux\" title=\"Savonnerie de la Foux\"\/><\/a><\/figure>\n\n<\/div><\/div>\n\n<div class=\"gb-grid-column gb-grid-column-c7aa2dca\"><div class=\"gb-container gb-container-c7aa2dca\">\n\n<figure class=\"gb-block-image gb-block-image-9cda5bdb\"><a href=\"http:\/\/www.aromafleur.com\/\" target=\"_blank\" rel=\"noopener noreferrer\"><img decoding=\"async\" width=\"140\" height=\"140\" class=\"gb-image gb-image-9cda5bdb\" src=\"https:\/\/indiazur.org\/wp-content\/uploads\/2024\/01\/Design-sans-titre-3.png\" alt=\"Aromafleur\" title=\"Aromafleur\"\/><\/a><\/figure>\n\n<\/div><\/div>\n\n<div class=\"gb-grid-column gb-grid-column-d2f7178e\"><div class=\"gb-container gb-container-d2f7178e\">\n\n<figure class=\"gb-block-image gb-block-image-bb5fcec1\"><a href=\"https:\/\/www.robertet.com\/\" target=\"_blank\" rel=\"noopener noreferrer\"><img decoding=\"async\" width=\"140\" height=\"140\" class=\"gb-image gb-image-bb5fcec1\" src=\"https:\/\/indiazur.org\/wp-content\/uploads\/2024\/01\/Design-sans-titre-6.png\" alt=\"Robertet\" title=\"Robertet\"\/><\/a><\/figure>\n\n<\/div><\/div>\n\n<div class=\"gb-grid-column gb-grid-column-e7742290\"><div class=\"gb-container gb-container-e7742290\">\n\n<figure class=\"gb-block-image gb-block-image-97565e4b\"><a href=\"https:\/\/siagneo.fr\" target=\"_blank\" rel=\"noopener noreferrer\"><img decoding=\"async\" width=\"140\" height=\"140\" class=\"gb-image gb-image-97565e4b\" src=\"https:\/\/indiazur.org\/wp-content\/uploads\/2024\/11\/siagneo-1.png\" alt=\"\" title=\"siagneo\" srcset=\"https:\/\/indiazur.org\/wp-content\/uploads\/2024\/11\/siagneo-1.png 140w, https:\/\/indiazur.org\/wp-content\/uploads\/2024\/11\/siagneo-1-12x12.png 12w\" sizes=\"(max-width: 140px) 100vw, 140px\" \/><\/a><\/figure>\n\n<\/div><\/div>\n<\/div>\n<\/div>\n<\/div>\n<\/div>","protected":false},"excerpt":{"rendered":"<p>Indi&rsquo;Azur en quelques mots Les actions que nous menons Ils nous soutiennent au quotidien<\/p>","protected":false},"author":1,"featured_media":0,"parent":0,"menu_order":0,"comment_status":"closed","ping_status":"open","template":"","meta":{"_seopress_robots_primary_cat":"","_seopress_titles_title":"Indi'Azur - Le parfum de Grasse au service de\u00c2\u00a0la paix\u00c2\u00a0et de\u00c2\u00a0l'\u00e9mancipation des femmes","_seopress_titles_desc":"D\u00e9couvrez comment notre association met le parfum Grassois au coeur de ses actions pour promouvoir la paix et pour favoriser l'\u00e9mancipation des femmes en Inde.","_seopress_robots_index":"","footnotes":""},"class_list":["post-2","page","type-page","status-publish"],"_links":{"self":[{"href":"https:\/\/indiazur.org\/en\/wp-json\/wp\/v2\/pages\/2","targetHints":{"allow":["GET"]}}],"collection":[{"href":"https:\/\/indiazur.org\/en\/wp-json\/wp\/v2\/pages"}],"about":[{"href":"https:\/\/indiazur.org\/en\/wp-json\/wp\/v2\/types\/page"}],"author":[{"embeddable":true,"href":"https:\/\/indiazur.org\/en\/wp-json\/wp\/v2\/users\/1"}],"replies":[{"embeddable":true,"href":"https:\/\/indiazur.org\/en\/wp-json\/wp\/v2\/comments?post=2"}],"version-history":[{"count":0,"href":"https:\/\/indiazur.org\/en\/wp-json\/wp\/v2\/pages\/2\/revisions"}],"wp:attachment":[{"href":"https:\/\/indiazur.org\/en\/wp-json\/wp\/v2\/media?parent=2"}],"curies":[{"name":"wp","href":"https:\/\/api.w.org\/{rel}","templated":true}]}}